{"id":1322,"date":"2022-06-01T17:39:08","date_gmt":"2022-06-01T17:39:08","guid":{"rendered":"http:\/\/cerrajeriaelputxet.com\/?page_id=1322"},"modified":"2022-06-01T17:41:20","modified_gmt":"2022-06-01T17:41:20","slug":"historia-putxet","status":"publish","type":"page","link":"https:\/\/cerrajeriaelputxet.com\/index.php\/historia-putxet\/","title":{"rendered":"Historia Putxet"},"content":{"rendered":"\n<p><strong>El Putxet i el Farr\u00f3<\/strong><sup><a href=\"https:\/\/es.wikipedia.org\/wiki\/El_Putxet_i_el_Farr%C3%B3#cite_note-2\">2<\/a><\/sup>\u200b es un barrio del distrito de <a href=\"https:\/\/es.wikipedia.org\/wiki\/Sarri%C3%A1-San_Gervasio\">Sarri\u00e1-San Gervasio<\/a> de la ciudad de <a href=\"https:\/\/es.wikipedia.org\/wiki\/Barcelona\">Barcelona<\/a>. Est\u00e1 formado por dos n\u00facleos o barrios, <a href=\"https:\/\/es.wikipedia.org\/wiki\/El_Putxet\">El Putxet<\/a>, al norte, y <a href=\"https:\/\/es.wikipedia.org\/w\/index.php?title=El_Farr%C3%B3&amp;action=edit&amp;redlink=1\">El Farr\u00f3<\/a>, al sur. Esta agrupaci\u00f3n de estos dos barrios fue creada en 2007 a partir de la nueva distribuci\u00f3n de barrios que aprob\u00f3 el <a href=\"https:\/\/es.wikipedia.org\/wiki\/Ayuntamiento_de_Barcelona\">Ayuntamiento de Barcelona<\/a>.<\/p>\n\n\n\n<p>Est\u00e1 delimitado por la avenida de la Rep\u00fablica Argentina, la plaza de Lesseps, la avenida de la Riera de Cassoles, la <a href=\"https:\/\/es.wikipedia.org\/wiki\/V%C3%ADa_Augusta_(Barcelona)\">V\u00eda Augusta<\/a>, la calle de Balmes, la plaza Molina y el paseo de San Gervasio. Actualmente una buena parte de su superficie est\u00e1 ocupada por el <a href=\"https:\/\/es.wikipedia.org\/wiki\/Jardines_del_Tur%C3%B3_del_Putxet\">parque del Putxet<\/a>. Hist\u00f3ricamente ambos de los sectores que forman el barrio estaban habitados por poblaci\u00f3n de extracci\u00f3n adinerada y de clase alta debido al pasado del territorio como zona de veraneo de la <a href=\"https:\/\/es.wikipedia.org\/wiki\/Burgues%C3%ADa\">burgues\u00eda<\/a>.<\/p>\n\n\n\n<h2>El Putxet<\/h2>\n\n\n\n<p>El Putxet es una peque\u00f1a monta\u00f1a que se extiende por San Gervasio, limitando con <a href=\"https:\/\/es.wikipedia.org\/wiki\/Vallcarca_y_los_Penitentes\">Vallcarca y los Penitentes<\/a>, donde hab\u00eda habido una <a href=\"https:\/\/es.wikipedia.org\/wiki\/Capilla\">capilla<\/a> en el siglo&nbsp;XVII, pero no fue hasta 1870 cuando se empezaron a construir algunas torres para la burgues\u00eda barcelonesa que se trasladaba de la Barcelona vieja. Este barrio formaba parte, junto con <a href=\"https:\/\/es.wikipedia.org\/wiki\/Sant_Gervasi-La_Bonanova\">La Bonanova<\/a> y <a href=\"https:\/\/es.wikipedia.org\/wiki\/Lled%C3%B3\">Lled\u00f3<\/a>, del antiguo t\u00e9rmino municipal de San Gervasio en 1879. En sus or\u00edgenes fue un n\u00facleo principalmente de veraneo, pero con la llegada del ferrocarril de Sarri\u00e1 en Barcelona, el metro y tranv\u00edas \u2014como el que pasaba por el eje del carrer de Zaragoza\u2014 se convirti\u00f3 en un lugar de residencia habitual.<\/p>\n\n\n\n<h2>El Farr\u00f3<\/h2>\n\n\n\n<p>El otro sector, por debajo de la <a href=\"https:\/\/es.wikipedia.org\/wiki\/Ronda_del_General_Mitre\">ronda del General Mitre<\/a>, es El Farr\u00f3, que se encuentra alrededor de las calles de Zaragoza y de Vallirana. El n\u00facleo recibe su nombre de <a href=\"https:\/\/es.wikipedia.org\/w\/index.php?title=Silvestre_Farr%C3%B3&amp;action=edit&amp;redlink=1\">Silvestre Farr\u00f3<\/a>, quien a principios del siglo&nbsp;XIX construy\u00f3 las primeras casas. En este sector destacan las casas bajas con patios interiores y los pasajes de casas adosadas, como por ejemplo el de Sant Felip o el de Mulet, normalmente construidas alrededor de torres de estilo colonial o <a href=\"https:\/\/es.wikipedia.org\/wiki\/Modernismo_catal%C3%A1n\">modernista<\/a>, construidas por la clase acomodada barcelonesa con finalidad de veraneo.<a href=\"https:\/\/es.wikipedia.org\/wiki\/El_Putxet\">https:\/\/es.wikipedia.org\/wiki\/El_Putxet<\/a><\/p>\n","protected":false},"excerpt":{"rendered":"<p>El Putxet i el Farr\u00f32\u200b es un barrio del distrito de Sarri\u00e1-San Gervasio de la ciudad de Barcelona. Est\u00e1 formado por dos n\u00facleos o barrios, El Putxet, al norte, y El Farr\u00f3, al sur. Esta agrupaci\u00f3n de estos dos barrios fue creada en 2007 a partir de la nueva distribuci\u00f3n de barrios que aprob\u00f3 el &hellip;<\/p>\n<p class=\"read-more\"> <a class=\"\" href=\"https:\/\/cerrajeriaelputxet.com\/index.php\/historia-putxet\/\"> <span class=\"screen-reader-text\">Historia Putxet<\/span> Read More &raquo;<\/a><\/p>\n","protected":false},"author":1,"featured_media":0,"parent":0,"menu_order":0,"comment_status":"closed","ping_status":"closed","template":"","meta":{"om_disable_all_campaigns":false,"_monsterinsights_skip_tracking":false,"_monsterinsights_sitenote_active":false,"_monsterinsights_sitenote_note":"","_monsterinsights_sitenote_category":0,"site-sidebar-layout":"default","site-content-layout":"default","ast-global-header-display":"","ast-main-header-display":"","ast-hfb-above-header-display":"","ast-hfb-below-header-display":"","ast-hfb-mobile-header-display":"","site-post-title":"","ast-breadcrumbs-content":"","ast-featured-img":"","footer-sml-layout":"","theme-transparent-header-meta":"","adv-header-id-meta":"","stick-header-meta":"","header-above-stick-meta":"","header-main-stick-meta":"","header-below-stick-meta":""},"_links":{"self":[{"href":"https:\/\/cerrajeriaelputxet.com\/index.php\/wp-json\/wp\/v2\/pages\/1322"}],"collection":[{"href":"https:\/\/cerrajeriaelputxet.com\/index.php\/wp-json\/wp\/v2\/pages"}],"about":[{"href":"https:\/\/cerrajeriaelputxet.com\/index.php\/wp-json\/wp\/v2\/types\/page"}],"author":[{"embeddable":true,"href":"https:\/\/cerrajeriaelputxet.com\/index.php\/wp-json\/wp\/v2\/users\/1"}],"replies":[{"embeddable":true,"href":"https:\/\/cerrajeriaelputxet.com\/index.php\/wp-json\/wp\/v2\/comments?post=1322"}],"version-history":[{"count":2,"href":"https:\/\/cerrajeriaelputxet.com\/index.php\/wp-json\/wp\/v2\/pages\/1322\/revisions"}],"predecessor-version":[{"id":1326,"href":"https:\/\/cerrajeriaelputxet.com\/index.php\/wp-json\/wp\/v2\/pages\/1322\/revisions\/1326"}],"wp:attachment":[{"href":"https:\/\/cerrajeriaelputxet.com\/index.php\/wp-json\/wp\/v2\/media?parent=1322"}],"curies":[{"name":"wp","href":"https:\/\/api.w.org\/{rel}","templated":true}]}}