{"id":980,"date":"2021-06-26T06:06:26","date_gmt":"2021-06-26T06:06:26","guid":{"rendered":"http:\/\/cerrajeriaelputxet.com\/index.php\/home\/"},"modified":"2022-06-01T20:18:40","modified_gmt":"2022-06-01T20:18:40","slug":"home","status":"publish","type":"page","link":"https:\/\/cerrajeriaelputxet.com\/","title":{"rendered":"Putxet"},"content":{"rendered":"\n<div class=\"wp-container-6 wp-block-group alignfull has-ast-global-color-5-background-color has-background\"><div class=\"wp-block-group__inner-container\">\n<div class=\"wp-container-5 wp-block-columns\">\n<div class=\"wp-container-1 wp-block-column is-vertically-aligned-center\" style=\"flex-basis:35%\">\n<h6 class=\"has-ast-global-color-7-color has-text-color\"><strong>Desde el a\u00f1o 1995 dando servicio a nuestro querido barrio del Putxet<\/strong><\/h6>\n\n\n\n<h1>Cerrajer\u00eda el Putxet<\/h1>\n\n\n\n<figure class=\"wp-block-image size-large\"><img loading=\"lazy\" width=\"1024\" height=\"378\" src=\"http:\/\/cerrajeriaelputxet.com\/wp-content\/uploads\/2022\/05\/winks-haus-1024x378.jpg\" alt=\"\" class=\"wp-image-1241\" srcset=\"https:\/\/cerrajeriaelputxet.com\/wp-content\/uploads\/2022\/05\/winks-haus-1024x378.jpg 1024w, https:\/\/cerrajeriaelputxet.com\/wp-content\/uploads\/2022\/05\/winks-haus-300x111.jpg 300w, https:\/\/cerrajeriaelputxet.com\/wp-content\/uploads\/2022\/05\/winks-haus-768x284.jpg 768w, https:\/\/cerrajeriaelputxet.com\/wp-content\/uploads\/2022\/05\/winks-haus.jpg 1200w\" sizes=\"(max-width: 1024px) 100vw, 1024px\" \/><\/figure>\n<\/div>\n\n\n\n<div class=\"wp-container-2 wp-block-column is-vertically-aligned-center\" style=\"flex-basis:35%\">\n<figure class=\"wp-block-image size-full\"><img loading=\"lazy\" width=\"300\" height=\"296\" src=\"http:\/\/cerrajeriaelputxet.com\/wp-content\/uploads\/2022\/05\/abloy-bombin.jpg\" alt=\"\" class=\"wp-image-1242\"\/><\/figure>\n<\/div>\n\n\n\n<div class=\"wp-container-4 wp-block-column is-vertically-aligned-center\" style=\"flex-basis:30%\">\n<hr class=\"wp-block-separator has-text-color has-css-opacity has-background\" style=\"background-color:#000000;color:#000000\"\/>\n\n\n\n<p>En cerrajer\u00eda el Putxet tenemos todos los tipos de cilindros de alta seguridad.<\/p>\n\n\n\n<div class=\"wp-container-3 wp-block-buttons\">\n<div class=\"wp-block-button\"><a class=\"wp-block-button__link\" href=\"tel:937376714\">937376714<\/a><\/div>\n<\/div>\n<\/div>\n<\/div>\n<\/div><\/div>\n\n\n\n<div class=\"wp-container-7 wp-block-group alignfull has-ast-global-color-5-background-color has-background\"><div class=\"wp-block-group__inner-container\">\n<div class=\"wp-block-media-text alignwide has-media-on-the-right is-stacked-on-mobile\" style=\"grid-template-columns:auto 27%\"><figure class=\"wp-block-media-text__media\"><img loading=\"lazy\" width=\"800\" height=\"889\" src=\"http:\/\/cerrajeriaelputxet.com\/wp-content\/uploads\/2022\/05\/cilindropara-keso-fichet.jpg\" alt=\"\" class=\"wp-image-1246 size-full\" srcset=\"https:\/\/cerrajeriaelputxet.com\/wp-content\/uploads\/2022\/05\/cilindropara-keso-fichet.jpg 800w, https:\/\/cerrajeriaelputxet.com\/wp-content\/uploads\/2022\/05\/cilindropara-keso-fichet-270x300.jpg 270w, https:\/\/cerrajeriaelputxet.com\/wp-content\/uploads\/2022\/05\/cilindropara-keso-fichet-768x853.jpg 768w\" sizes=\"(max-width: 800px) 100vw, 800px\" \/><\/figure><div class=\"wp-block-media-text__content\">\n<h2>Keso<\/h2>\n\n\n\n<p>Cilindros de alta seguridad de la marca KESO compatible con FICHET, es uncilindro de seguridad con unas altas prestaciones.<\/p>\n\n\n\n<h5>-Cerrajeros Profesionales<\/h5>\n<\/div><\/div>\n<\/div><\/div>\n\n\n\n<div class=\"wp-container-8 wp-block-group alignfull has-ast-global-color-5-background-color has-background\"><div class=\"wp-block-group__inner-container\">\n<figure class=\"wp-block-image aligncenter size-full\"><img loading=\"lazy\" width=\"800\" height=\"800\" src=\"http:\/\/cerrajeriaelputxet.com\/wp-content\/uploads\/2022\/05\/mt5-plus.jpg\" alt=\"\" class=\"wp-image-1243\" srcset=\"https:\/\/cerrajeriaelputxet.com\/wp-content\/uploads\/2022\/05\/mt5-plus.jpg 800w, https:\/\/cerrajeriaelputxet.com\/wp-content\/uploads\/2022\/05\/mt5-plus-300x300.jpg 300w, https:\/\/cerrajeriaelputxet.com\/wp-content\/uploads\/2022\/05\/mt5-plus-150x150.jpg 150w, https:\/\/cerrajeriaelputxet.com\/wp-content\/uploads\/2022\/05\/mt5-plus-768x768.jpg 768w\" sizes=\"(max-width: 800px) 100vw, 800px\" \/><\/figure>\n<\/div><\/div>\n\n\n\n<p>Algunos de nuestros servicios: <\/p>\n\n\n\n<ul><li><strong>Apertura de puertas de domicilios, empresas, locales y m\u00e1s.<\/strong><\/li><li><strong>Instalaci\u00f3n de cerraduras (Todas las marcas)<\/strong><\/li><li><strong>Especializados en la MARCA FICHET<\/strong><\/li><li><strong>Cajas fuertes<\/strong><\/li><li><strong>Puertas blindadas<\/strong><\/li><li><strong>Puertas acorazadas<\/strong><\/li><li><strong>ICambio de cerraduras<\/strong><\/li><li><strong>Instalaci\u00f3n de sistemas anti-bumping<\/strong><\/li><li><strong>Instalaci\u00f3n de sitsemas anti-rotura<\/strong><\/li><li><strong>Instalaci\u00f3n de sitsemas anti-ladrones<\/strong><\/li><li><strong>Cilindros Anti-taladros<\/strong> <\/li><\/ul>\n\n\n\n<div class=\"wp-container-9 wp-block-buttons\">\n<div class=\"wp-block-button aligncenter\"><a class=\"wp-block-button__link\" href=\"tel:937376714\">937376714<\/a><\/div>\n<\/div>\n\n\n\n<div class=\"wp-container-12 wp-block-group alignfull has-ast-global-color-5-background-color has-background\"><div class=\"wp-block-group__inner-container\">\n<div class=\"wp-container-11 wp-block-columns\">\n<div class=\"wp-container-10 wp-block-column\">\n<hr class=\"wp-block-separator has-text-color has-ast-global-color-2-color has-css-opacity has-ast-global-color-2-background-color has-background\"\/>\n<\/div>\n<\/div>\n<\/div><\/div>\n\n\n\n<div class=\"wp-container-21 wp-block-group alignfull has-ast-global-color-2-background-color has-background\"><div class=\"wp-block-group__inner-container\">\n<div class=\"wp-container-16 wp-block-columns\">\n<div class=\"wp-container-13 wp-block-column\">\n<h6 class=\"has-ast-global-color-7-color has-text-color\"><\/h6>\n\n\n\n<h2 class=\"has-text-color\" style=\"color:#ffffff\">Cilindros MCM de seguridad.<\/h2>\n\n\n\n<p><\/p>\n<\/div>\n\n\n\n<div class=\"wp-container-15 wp-block-column\">\n<div class=\"wp-container-14 is-horizontal is-content-justification-right wp-block-buttons\"><\/div>\n<\/div>\n<\/div>\n\n\n\n<div class=\"wp-container-20 wp-block-columns\">\n<div class=\"wp-container-17 wp-block-column\">\n<figure class=\"wp-block-image aligncenter size-full\"><img loading=\"lazy\" width=\"350\" height=\"350\" src=\"http:\/\/cerrajeriaelputxet.com\/wp-content\/uploads\/2022\/05\/mcm-seguridad.jpg\" alt=\"\" class=\"wp-image-1260\" srcset=\"https:\/\/cerrajeriaelputxet.com\/wp-content\/uploads\/2022\/05\/mcm-seguridad.jpg 350w, https:\/\/cerrajeriaelputxet.com\/wp-content\/uploads\/2022\/05\/mcm-seguridad-300x300.jpg 300w, https:\/\/cerrajeriaelputxet.com\/wp-content\/uploads\/2022\/05\/mcm-seguridad-150x150.jpg 150w\" sizes=\"(max-width: 350px) 100vw, 350px\" \/><\/figure>\n\n\n\n<h4 class=\"has-text-align-center has-text-color\" style=\"color:#ffffff\">Cilindro MCM de seguridad puntos<\/h4>\n<\/div>\n\n\n\n<div class=\"wp-container-18 wp-block-column\">\n<figure class=\"wp-block-image aligncenter size-full\"><img loading=\"lazy\" width=\"1000\" height=\"1000\" src=\"http:\/\/cerrajeriaelputxet.com\/wp-content\/uploads\/2022\/05\/mcm-engranaje.jpg\" alt=\"\" class=\"wp-image-1258\" srcset=\"https:\/\/cerrajeriaelputxet.com\/wp-content\/uploads\/2022\/05\/mcm-engranaje.jpg 1000w, https:\/\/cerrajeriaelputxet.com\/wp-content\/uploads\/2022\/05\/mcm-engranaje-300x300.jpg 300w, https:\/\/cerrajeriaelputxet.com\/wp-content\/uploads\/2022\/05\/mcm-engranaje-150x150.jpg 150w, https:\/\/cerrajeriaelputxet.com\/wp-content\/uploads\/2022\/05\/mcm-engranaje-768x768.jpg 768w\" sizes=\"(max-width: 1000px) 100vw, 1000px\" \/><\/figure>\n\n\n\n<h4 class=\"has-text-align-center has-text-color\" style=\"color:#ffffff\">Cilindro MCM de seguridad corona<\/h4>\n<\/div>\n\n\n\n<div class=\"wp-container-19 wp-block-column\">\n<figure class=\"wp-block-image aligncenter size-full\"><img loading=\"lazy\" width=\"350\" height=\"350\" src=\"http:\/\/cerrajeriaelputxet.com\/wp-content\/uploads\/2022\/05\/mcm-serreta.jpg\" alt=\"\" class=\"wp-image-1257\" srcset=\"https:\/\/cerrajeriaelputxet.com\/wp-content\/uploads\/2022\/05\/mcm-serreta.jpg 350w, https:\/\/cerrajeriaelputxet.com\/wp-content\/uploads\/2022\/05\/mcm-serreta-300x300.jpg 300w, https:\/\/cerrajeriaelputxet.com\/wp-content\/uploads\/2022\/05\/mcm-serreta-150x150.jpg 150w\" sizes=\"(max-width: 350px) 100vw, 350px\" \/><\/figure>\n\n\n\n<h4 class=\"has-text-align-center has-text-color\" style=\"color:#ffffff\">Cilindro MCM de serreta<\/h4>\n\n\n\n<p><\/p>\n<\/div>\n<\/div>\n<\/div><\/div>\n\n\n\n<p>Nuestras marcas: (si no est\u00e1 aqui\u00ed consultenos)<\/p>\n\n\n\n<ul><li>Arfe, Arcu, Ise, Fihet, Multilock, Keso, Kaba, Mcm, Ezcurra, Mauer, Prefer, Mottura, Azbe, Moia, Jis, Orengo, Soler, Cisa, Jma, Elma, Sag, Potent, Tjss, tover, Telesco, Serraller, Sidese, M&amp;C, Lince, Inceca, DIerre, Disec, Dorcas, Evva, Fac, Fiam, Aga, Abloy, Abus y m\u00e1s&#8230;..<\/li><\/ul>\n\n\n\n<div class=\"wp-container-22 wp-block-group alignfull has-ast-global-color-5-background-color has-background\"><div class=\"wp-block-group__inner-container\">\n<div class=\"wp-block-media-text alignwide has-media-on-the-right is-stacked-on-mobile\" style=\"grid-template-columns:auto 54%\"><figure class=\"wp-block-media-text__media\"><img loading=\"lazy\" width=\"768\" height=\"1024\" src=\"http:\/\/cerrajeriaelputxet.com\/wp-content\/uploads\/2022\/05\/puerta-fichet.webp\" alt=\"\" class=\"wp-image-1245 size-full\" srcset=\"https:\/\/cerrajeriaelputxet.com\/wp-content\/uploads\/2022\/05\/puerta-fichet.webp 768w, https:\/\/cerrajeriaelputxet.com\/wp-content\/uploads\/2022\/05\/puerta-fichet-225x300.webp 225w\" sizes=\"(max-width: 768px) 100vw, 768px\" \/><\/figure><div class=\"wp-block-media-text__content\">\n<h2>Puerta acorazada de la marca FICHET, lo m\u00e1ximo en la alta seguridad. Es una puerta de una dureza increible.<\/h2>\n\n\n\n<h5>Fichet Bauche<\/h5>\n<\/div><\/div>\n<\/div><\/div>\n\n\n\n<div class=\"wp-container-26 wp-block-group alignfull has-ast-global-color-5-background-color has-background\"><div class=\"wp-block-group__inner-container\">\n<div class=\"wp-container-23 is-content-justification-center wp-block-buttons\">\n<div class=\"wp-block-button\"><a class=\"wp-block-button__link\" href=\"tel:937376714\">937376714<\/a><\/div>\n<\/div>\n\n\n\n<p class=\"has-black-color has-text-color\"><strong>Trabajo de terrazas:<\/strong><\/p>\n\n\n\n<figure class=\"wp-container-25 wp-block-gallery-24 wp-block-gallery has-nested-images columns-default is-cropped\">\n<figure class=\"wp-block-image size-large\"><img loading=\"lazy\" width=\"1024\" height=\"684\" src=\"http:\/\/cerrajeriaelputxet.com\/wp-content\/uploads\/2022\/06\/trabajando-2-1024x684.jpg\" alt=\"\" class=\"wp-image-1352\" srcset=\"https:\/\/cerrajeriaelputxet.com\/wp-content\/uploads\/2022\/06\/trabajando-2-1024x684.jpg 1024w, https:\/\/cerrajeriaelputxet.com\/wp-content\/uploads\/2022\/06\/trabajando-2-300x201.jpg 300w, https:\/\/cerrajeriaelputxet.com\/wp-content\/uploads\/2022\/06\/trabajando-2-768x513.jpg 768w, https:\/\/cerrajeriaelputxet.com\/wp-content\/uploads\/2022\/06\/trabajando-2.jpg 1200w\" sizes=\"(max-width: 1024px) 100vw, 1024px\" \/><\/figure>\n\n\n\n<figure class=\"wp-block-image size-large\"><img loading=\"lazy\" width=\"1024\" height=\"768\" src=\"http:\/\/cerrajeriaelputxet.com\/wp-content\/uploads\/2022\/06\/trabajando-1-1024x768.jpg\" alt=\"\" class=\"wp-image-1351\" srcset=\"https:\/\/cerrajeriaelputxet.com\/wp-content\/uploads\/2022\/06\/trabajando-1-1024x768.jpg 1024w, https:\/\/cerrajeriaelputxet.com\/wp-content\/uploads\/2022\/06\/trabajando-1-300x225.jpg 300w, https:\/\/cerrajeriaelputxet.com\/wp-content\/uploads\/2022\/06\/trabajando-1-768x576.jpg 768w, https:\/\/cerrajeriaelputxet.com\/wp-content\/uploads\/2022\/06\/trabajando-1.jpg 1200w\" sizes=\"(max-width: 1024px) 100vw, 1024px\" \/><\/figure>\n<\/figure>\n<\/div><\/div>\n\n\n\n<figure class=\"wp-block-image aligncenter size-full\"><img loading=\"lazy\" width=\"450\" height=\"600\" src=\"http:\/\/cerrajeriaelputxet.com\/wp-content\/uploads\/2022\/06\/refuerzo-cajas-fuertes-2.jpg\" alt=\"\" class=\"wp-image-1360\" srcset=\"https:\/\/cerrajeriaelputxet.com\/wp-content\/uploads\/2022\/06\/refuerzo-cajas-fuertes-2.jpg 450w, https:\/\/cerrajeriaelputxet.com\/wp-content\/uploads\/2022\/06\/refuerzo-cajas-fuertes-2-225x300.jpg 225w\" sizes=\"(max-width: 450px) 100vw, 450px\" \/><figcaption><strong>REFORZAR CAJA FUERTE<\/strong><\/figcaption><\/figure>\n\n\n\n<figure class=\"wp-block-image aligncenter size-large is-resized\"><img loading=\"lazy\" src=\"http:\/\/cerrajeriaelputxet.com\/wp-content\/uploads\/2022\/06\/trabajos-portal-1024x768.jpg\" alt=\"\" class=\"wp-image-1363\" width=\"629\" height=\"472\" srcset=\"https:\/\/cerrajeriaelputxet.com\/wp-content\/uploads\/2022\/06\/trabajos-portal-1024x768.jpg 1024w, https:\/\/cerrajeriaelputxet.com\/wp-content\/uploads\/2022\/06\/trabajos-portal-300x225.jpg 300w, https:\/\/cerrajeriaelputxet.com\/wp-content\/uploads\/2022\/06\/trabajos-portal-768x576.jpg 768w, https:\/\/cerrajeriaelputxet.com\/wp-content\/uploads\/2022\/06\/trabajos-portal.jpg 1200w\" sizes=\"(max-width: 629px) 100vw, 629px\" \/><figcaption>PORTAL EDIFICIO<\/figcaption><\/figure>\n\n\n\n<figure class=\"wp-block-image aligncenter size-large is-resized\"><img loading=\"lazy\" src=\"http:\/\/cerrajeriaelputxet.com\/wp-content\/uploads\/2022\/06\/escalera-768x1024.jpg\" alt=\"\" class=\"wp-image-1368\" width=\"374\" height=\"499\" srcset=\"https:\/\/cerrajeriaelputxet.com\/wp-content\/uploads\/2022\/06\/escalera-768x1024.jpg 768w, https:\/\/cerrajeriaelputxet.com\/wp-content\/uploads\/2022\/06\/escalera-225x300.jpg 225w, https:\/\/cerrajeriaelputxet.com\/wp-content\/uploads\/2022\/06\/escalera.jpg 900w\" sizes=\"(max-width: 374px) 100vw, 374px\" \/><figcaption><strong>ESCALERA CASA<\/strong><\/figcaption><\/figure>\n\n\n\n<figure class=\"wp-container-28 wp-block-gallery-27 wp-block-gallery has-nested-images columns-default is-cropped\">\n<figure class=\"wp-block-image size-large\"><img loading=\"lazy\" width=\"1024\" height=\"768\" data-id=\"1371\"  src=\"http:\/\/cerrajeriaelputxet.com\/wp-content\/uploads\/2022\/06\/valla-4-1024x768.jpg\" alt=\"\" class=\"wp-image-1371\" srcset=\"https:\/\/cerrajeriaelputxet.com\/wp-content\/uploads\/2022\/06\/valla-4-1024x768.jpg 1024w, https:\/\/cerrajeriaelputxet.com\/wp-content\/uploads\/2022\/06\/valla-4-300x225.jpg 300w, https:\/\/cerrajeriaelputxet.com\/wp-content\/uploads\/2022\/06\/valla-4-768x576.jpg 768w, https:\/\/cerrajeriaelputxet.com\/wp-content\/uploads\/2022\/06\/valla-4.jpg 1200w\" sizes=\"(max-width: 1024px) 100vw, 1024px\" \/><figcaption><strong>VALLAS EXERIORES<\/strong><\/figcaption><\/figure>\n\n\n\n<figure class=\"wp-block-image size-large\"><img loading=\"lazy\" width=\"768\" height=\"1024\" data-id=\"1372\"  src=\"http:\/\/cerrajeriaelputxet.com\/wp-content\/uploads\/2022\/06\/valla-3-768x1024.jpg\" alt=\"\" class=\"wp-image-1372\" srcset=\"https:\/\/cerrajeriaelputxet.com\/wp-content\/uploads\/2022\/06\/valla-3-768x1024.jpg 768w, https:\/\/cerrajeriaelputxet.com\/wp-content\/uploads\/2022\/06\/valla-3-225x300.jpg 225w, https:\/\/cerrajeriaelputxet.com\/wp-content\/uploads\/2022\/06\/valla-3.jpg 900w\" sizes=\"(max-width: 768px) 100vw, 768px\" \/><figcaption>VALLAS EXTERIORES<\/figcaption><\/figure>\n\n\n\n<figure class=\"wp-block-image size-large\"><img loading=\"lazy\" width=\"1024\" height=\"768\" data-id=\"1373\"  src=\"http:\/\/cerrajeriaelputxet.com\/wp-content\/uploads\/2022\/06\/valla-2-1024x768.jpg\" alt=\"\" class=\"wp-image-1373\" srcset=\"https:\/\/cerrajeriaelputxet.com\/wp-content\/uploads\/2022\/06\/valla-2-1024x768.jpg 1024w, https:\/\/cerrajeriaelputxet.com\/wp-content\/uploads\/2022\/06\/valla-2-300x225.jpg 300w, https:\/\/cerrajeriaelputxet.com\/wp-content\/uploads\/2022\/06\/valla-2-768x576.jpg 768w, https:\/\/cerrajeriaelputxet.com\/wp-content\/uploads\/2022\/06\/valla-2.jpg 1200w\" sizes=\"(max-width: 1024px) 100vw, 1024px\" \/><figcaption>VALLAS EXTERIORES<\/figcaption><\/figure>\n\n\n\n<figure class=\"wp-block-image size-large\"><img loading=\"lazy\" width=\"1024\" height=\"768\" data-id=\"1374\"  src=\"http:\/\/cerrajeriaelputxet.com\/wp-content\/uploads\/2022\/06\/valla-1-1024x768.jpg\" alt=\"\" class=\"wp-image-1374\" srcset=\"https:\/\/cerrajeriaelputxet.com\/wp-content\/uploads\/2022\/06\/valla-1-1024x768.jpg 1024w, https:\/\/cerrajeriaelputxet.com\/wp-content\/uploads\/2022\/06\/valla-1-300x225.jpg 300w, https:\/\/cerrajeriaelputxet.com\/wp-content\/uploads\/2022\/06\/valla-1-768x576.jpg 768w, https:\/\/cerrajeriaelputxet.com\/wp-content\/uploads\/2022\/06\/valla-1.jpg 1200w\" sizes=\"(max-width: 1024px) 100vw, 1024px\" \/><figcaption>VALLAS EXTERIORES<\/figcaption><\/figure>\n<\/figure>\n","protected":false},"excerpt":{"rendered":"<p>Desde el a\u00f1o 1995 dando servicio a nuestro querido barrio del Putxet Cerrajer\u00eda el Putxet En cerrajer\u00eda el Putxet tenemos todos los tipos de cilindros de alta seguridad. Keso Cilindros de alta seguridad de la marca KESO compatible con FICHET, es uncilindro de seguridad con unas altas prestaciones. -Cerrajeros Profesionales Algunos de nuestros servicios: Apertura &hellip;<\/p>\n<p class=\"read-more\"> <a class=\"\" href=\"https:\/\/cerrajeriaelputxet.com\/\"> <span class=\"screen-reader-text\">Putxet<\/span> Read More &raquo;<\/a><\/p>\n","protected":false},"author":1,"featured_media":0,"parent":0,"menu_order":0,"comment_status":"closed","ping_status":"closed","template":"","meta":{"om_disable_all_campaigns":false,"_monsterinsights_skip_tracking":false,"_monsterinsights_sitenote_active":false,"_monsterinsights_sitenote_note":"","_monsterinsights_sitenote_category":0,"site-sidebar-layout":"no-sidebar","site-content-layout":"plain-container","ast-global-header-display":"","ast-main-header-display":"","ast-hfb-above-header-display":"","ast-hfb-below-header-display":"","ast-hfb-mobile-header-display":"","site-post-title":"disabled","ast-breadcrumbs-content":"","ast-featured-img":"disabled","footer-sml-layout":"","theme-transparent-header-meta":"default","adv-header-id-meta":"","stick-header-meta":"","header-above-stick-meta":"","header-main-stick-meta":"","header-below-stick-meta":""},"_links":{"self":[{"href":"https:\/\/cerrajeriaelputxet.com\/index.php\/wp-json\/wp\/v2\/pages\/980"}],"collection":[{"href":"https:\/\/cerrajeriaelputxet.com\/index.php\/wp-json\/wp\/v2\/pages"}],"about":[{"href":"https:\/\/cerrajeriaelputxet.com\/index.php\/wp-json\/wp\/v2\/types\/page"}],"author":[{"embeddable":true,"href":"https:\/\/cerrajeriaelputxet.com\/index.php\/wp-json\/wp\/v2\/users\/1"}],"replies":[{"embeddable":true,"href":"https:\/\/cerrajeriaelputxet.com\/index.php\/wp-json\/wp\/v2\/comments?post=980"}],"version-history":[{"count":30,"href":"https:\/\/cerrajeriaelputxet.com\/index.php\/wp-json\/wp\/v2\/pages\/980\/revisions"}],"predecessor-version":[{"id":1375,"href":"https:\/\/cerrajeriaelputxet.com\/index.php\/wp-json\/wp\/v2\/pages\/980\/revisions\/1375"}],"wp:attachment":[{"href":"https:\/\/cerrajeriaelputxet.com\/index.php\/wp-json\/wp\/v2\/media?parent=980"}],"curies":[{"name":"wp","href":"https:\/\/api.w.org\/{rel}","templated":true}]}}